{"id":162,"date":"2011-07-24T15:04:46","date_gmt":"2011-07-24T15:04:46","guid":{"rendered":"http:\/\/www.interrapax.org\/?page_id=162"},"modified":"2012-05-13T20:33:48","modified_gmt":"2012-05-13T20:33:48","slug":"benedykt-blonski","status":"publish","type":"page","link":"http:\/\/www.interrapax.org\/de\/ruckblick\/dirigenten-2\/benedykt-blonski\/","title":{"rendered":"Benedykt B\u0142o\u0144ski"},"content":{"rendered":"<h1>Benedykt B\u0142o\u0144ski<\/h1>\n<p>Prof. Benedykt B\u0142o\u0144ski (geboren 1957) arbeitet als Dirigent, Musikp\u00e4dagoge und Konzertveranstalter. Er studierte an der Frederick-Chopin-Musikakademie in Warschau (Fakult\u00e4t f\u00fcr Musikerziehung, Klasse Prof. Andrzej Banasiewicz) und spezialisierte sich auf Chordirigieren.<\/p>\n<p>Nach seinem Examen ging er zur\u00fcck nach Allenstein, wo er seine k\u00fcnstlerischen und wissenschaftlichen Aktivit\u00e4ten begann. Seit 1982 hat er f\u00fcr den Chor der Universit\u00e4t von Warmien (Ermland) und Masuren gearbeitet, erst als 2. Dirigent, seit 1984 als k\u00fcnstlerischer Leiter. Zusammen mit dem Chor wurde er zu vielen Festivals und Wettbewerben in Polen und im Ausland eingeladen und gewann dort prestigetr\u00e4chtige Preise, auch solche f\u00fcr sein Dirigat: \u201eBester Chordirigent\u201c beim Nationalen Chorfestival \u201eLegnica Cantat\u201c in Legnica (Polen), 1989, 1990; \u201eHerausragender Polnischer Dirigent\u201c beim Chorfestival Mi\u0119dzyzdroje (Polen), 1991; K\u00fcnstlerischer Stanis\u0142aw-Wyspia\u0144ski-Preis f\u00fcr Leistungen auf dem Gebiet der Musikerziehung der Jugend, 1991; Ehrung durch den Minister f\u00fcr Kultur und Kunst f\u00fcr kulturelle Verdienste, 1997; Goldenes Verdienstkreuz Polens, 2001.<\/p>\n<p>Seit vielen Jahren arbeitet Benedykt B\u0142o\u0144ski auch mit der Philharmonie Allenstein, wo er oratorische Konzerte einstudiert und dirigiert. Au\u00dferdem arbeitet er mit ausl\u00e4ndischen Ch\u00f6ren zusammen. Er war und ist Juror bei Chorfestivals und Chorwettbewerben in Polen und im Ausland, war k\u00fcnstlerischer Leiter des internationalen Chorworkshops \u201eEurochor 2001\u201c, Dozent f\u00fcr Chordirigieren am Postgraduierten Studienzentrum der Musikakademie in Bydgoszcz und am nationalen Kulturzentrum in Warschau sowie wissenschaftlicher Mitarbeiter am Institut f\u00fcr Musik an der Fakult\u00e4t f\u00fcr Kunst und Erziehungswissenschaft der Universit\u00e4t des Ermlandes und Masuren, Allenstein.<\/p>\n<p>1999 verlieh im der Pr\u00e4sident Polens den Titel des Professors der Musik.<\/p>\n<p>2005 und 2006 ist er Dirigent der Deutsch-Polnischen Chorakademie \u201ein terra pax\u201c.<\/p>\n<p>2007 bis 2010 \u00fcbernahm er die k\u00fcnstlerische Leitung des Chores.Prof. Benedykt B\u0142o\u0144ski (geboren 1957) arbeitet als Dirigent, Musikp\u00e4dagoge und Konzertveranstalter. Er studierte an der Frederick-Chopin-Musikakademie in Warschau (Fakult\u00e4t f\u00fcr Musikerziehung, Klasse Prof. Andrzej Banasiewicz) und spezialisierte sich auf Chordirigieren.<\/p>\n<p>Nach seinem Examen ging er zur\u00fcck nach Allenstein, wo er seine k\u00fcnstlerischen und wissenschaftlichen Aktivit\u00e4ten begann. Seit 1982 hat er f\u00fcr den Chor der Universit\u00e4t von Warmien (Ermland) und Masuren gearbeitet, erst als 2. Dirigent, seit 1984 als k\u00fcnstlerischer Leiter. Zusammen mit dem Chor wurde er zu vielen Festivals und Wettbewerben in Polen und im Ausland eingeladen und gewann dort prestigetr\u00e4chtige Preise, auch solche f\u00fcr sein Dirigat: \u201eBester Chordirigent\u201c beim Nationalen Chorfestival \u201eLegnica Cantat\u201c in Legnica (Polen), 1989, 1990; \u201eHerausragender Polnischer Dirigent\u201c beim Chorfestival Mi\u0119dzyzdroje (Polen), 1991; K\u00fcnstlerischer Stanis\u0142aw-Wyspia\u0144ski-Preis f\u00fcr Leistungen auf dem Gebiet der Musikerziehung der Jugend, 1991; Ehrung durch den Minister f\u00fcr Kultur und Kunst f\u00fcr kulturelle Verdienste, 1997; Goldenes Verdienstkreuz Polens, 2001.<\/p>\n<p>Seit vielen Jahren arbeitet Benedykt B\u0142o\u0144ski auch mit der Philharmonie Allenstein, wo er oratorische Konzerte einstudiert und dirigiert. Au\u00dferdem arbeitet er mit ausl\u00e4ndischen Ch\u00f6ren zusammen. Er war und ist Juror bei Chorfestivals und Chorwettbewerben in Polen und im Ausland, war k\u00fcnstlerischer Leiter des internationalen Chorworkshops \u201eEurochor 2001\u201c, Dozent f\u00fcr Chordirigieren am Postgraduierten Studienzentrum der Musikakademie in Bydgoszcz und am nationalen Kulturzentrum in Warschau sowie wissenschaftlicher Mitarbeiter am Institut f\u00fcr Musik an der Fakult\u00e4t f\u00fcr Kunst und Erziehungswissenschaft der Universit\u00e4t des Ermlandes und Masuren, Allenstein.<\/p>\n<p>1999 verlieh im der Pr\u00e4sident Polens den Titel des Professors der Musik.<\/p>\n<p>2005 und 2006 ist er Dirigent der Deutsch-Polnischen Chorakademie \u201ein terra pax\u201c.<\/p>\n<p>2007 bis 2010 \u00fcbernahm er die k\u00fcnstlerische Leitung des Chores.<\/p>\n","protected":false},"excerpt":{"rendered":"<p>Benedykt B\u0142o\u0144ski Prof. Benedykt B\u0142o\u0144ski (geboren 1957) arbeitet als Dirigent, Musikp\u00e4dagoge und Konzertveranstalter. Er studierte an der Frederick-Chopin-Musikakademie in Warschau (Fakult\u00e4t f\u00fcr Musikerziehung, Klasse Prof. Andrzej Banasiewicz) und spezialisierte sich auf Chordirigieren. Nach seinem Examen ging er zur\u00fcck nach Allenstein, &hellip; <a href=\"http:\/\/www.interrapax.org\/de\/ruckblick\/dirigenten-2\/benedykt-blonski\/\">Continue reading <span class=\"meta-nav\">&rarr;<\/span><\/a><\/p>\n","protected":false},"author":13,"featured_media":0,"parent":174,"menu_order":0,"comment_status":"closed","ping_status":"open","template":"","meta":{"footnotes":""},"class_list":["post-162","page","type-page","status-publish","hentry"],"_links":{"self":[{"href":"http:\/\/www.interrapax.org\/de\/wp-json\/wp\/v2\/pages\/162","targetHints":{"allow":["GET"]}}],"collection":[{"href":"http:\/\/www.interrapax.org\/de\/wp-json\/wp\/v2\/pages"}],"about":[{"href":"http:\/\/www.interrapax.org\/de\/wp-json\/wp\/v2\/types\/page"}],"author":[{"embeddable":true,"href":"http:\/\/www.interrapax.org\/de\/wp-json\/wp\/v2\/users\/13"}],"replies":[{"embeddable":true,"href":"http:\/\/www.interrapax.org\/de\/wp-json\/wp\/v2\/comments?post=162"}],"version-history":[{"count":2,"href":"http:\/\/www.interrapax.org\/de\/wp-json\/wp\/v2\/pages\/162\/revisions"}],"predecessor-version":[{"id":1065,"href":"http:\/\/www.interrapax.org\/de\/wp-json\/wp\/v2\/pages\/162\/revisions\/1065"}],"up":[{"embeddable":true,"href":"http:\/\/www.interrapax.org\/de\/wp-json\/wp\/v2\/pages\/174"}],"wp:attachment":[{"href":"http:\/\/www.interrapax.org\/de\/wp-json\/wp\/v2\/media?parent=162"}],"curies":[{"name":"wp","href":"https:\/\/api.w.org\/{rel}","templated":true}]}}